{"id":15770,"date":"2023-07-24T13:01:28","date_gmt":"2023-07-24T11:01:28","guid":{"rendered":"https:\/\/fjove.com\/where-we-are\/"},"modified":"2026-04-07T11:58:25","modified_gmt":"2026-04-07T09:58:25","slug":"where-we-are","status":"publish","type":"page","link":"https:\/\/fjove.com\/en\/about-us\/where-we-are\/","title":{"rendered":"Where we are"},"content":{"rendered":"\t\t<div data-elementor-type=\"wp-page\" data-elementor-id=\"15770\" class=\"elementor elementor-15770 elementor-367\" data-elementor-post-type=\"page\">\n\t\t\t\t<div class=\"elementor-element elementor-element-c8dfb05 e-con-full e-flex e-con e-parent\" data-id=\"c8dfb05\" data-element_type=\"container\" data-e-type=\"container\" data-settings=\"{&quot;background_background&quot;:&quot;video&quot;,&quot;shape_divider_bottom&quot;:&quot;waves&quot;,&quot;background_video_link&quot;:&quot;https:\\\/\\\/www.youtube.com\\\/watch?v=N4opxiuN92c&quot;}\">\n\t\t<div class=\"elementor-background-video-container elementor-hidden-mobile\">\n\t\t\t\t\t\t\t<div class=\"elementor-background-video-embed\" role=\"presentation\"><\/div>\n\t\t\t\t\t\t<\/div>\t\t<div class=\"elementor-shape elementor-shape-bottom\" aria-hidden=\"true\" data-negative=\"false\">\n\t\t\t<svg xmlns=\"http:\/\/www.w3.org\/2000\/svg\" viewBox=\"0 0 1000 100\" preserveAspectRatio=\"none\">\n\t<path class=\"elementor-shape-fill\" d=\"M421.9,6.5c22.6-2.5,51.5,0.4,75.5,5.3c23.6,4.9,70.9,23.5,100.5,35.7c75.8,32.2,133.7,44.5,192.6,49.7\n\tc23.6,2.1,48.7,3.5,103.4-2.5c54.7-6,106.2-25.6,106.2-25.6V0H0v30.3c0,0,72,32.6,158.4,30.5c39.2-0.7,92.8-6.7,134-22.4\n\tc21.2-8.1,52.2-18.2,79.7-24.2C399.3,7.9,411.6,7.5,421.9,6.5z\"\/>\n<\/svg>\t\t<\/div>\n\t\t\t\t<div class=\"elementor-element elementor-element-bea12ff elementor-widget elementor-widget-heading\" data-id=\"bea12ff\" data-element_type=\"widget\" data-e-type=\"widget\" data-widget_type=\"heading.default\">\n\t\t\t\t\t<h1 class=\"elementor-heading-title elementor-size-default\">FJ Worldwide<\/h1>\t\t\t\t<\/div>\n\t\t\t\t<div class=\"elementor-element elementor-element-bba97b0 elementor-widget elementor-widget-text-editor\" data-id=\"bba97b0\" data-element_type=\"widget\" data-e-type=\"widget\" data-widget_type=\"text-editor.default\">\n\t\t\t\t\t\t\t\t\t<p>Global presence with specialist technical support<\/p>\t\t\t\t\t\t\t\t<\/div>\n\t\t\t\t<div class=\"elementor-element elementor-element-52ee2c6 elementor-widget elementor-widget-woocommerce-breadcrumb\" data-id=\"52ee2c6\" data-element_type=\"widget\" data-e-type=\"widget\" data-widget_type=\"woocommerce-breadcrumb.default\">\n\t\t\t\t\t<nav class=\"woocommerce-breadcrumb\" aria-label=\"Breadcrumb\">Home<\/nav>\t\t\t\t<\/div>\n\t\t\t\t<\/div>\n\t\t<div class=\"elementor-element elementor-element-bcaa1cb e-con-full e-flex e-con e-parent\" data-id=\"bcaa1cb\" data-element_type=\"container\" data-e-type=\"container\" data-settings=\"{&quot;shape_divider_top&quot;:&quot;waves&quot;}\">\n\t\t\t\t<div class=\"elementor-shape elementor-shape-top\" aria-hidden=\"true\" data-negative=\"false\">\n\t\t\t<svg xmlns=\"http:\/\/www.w3.org\/2000\/svg\" viewBox=\"0 0 1000 100\" preserveAspectRatio=\"none\">\n\t<path class=\"elementor-shape-fill\" d=\"M421.9,6.5c22.6-2.5,51.5,0.4,75.5,5.3c23.6,4.9,70.9,23.5,100.5,35.7c75.8,32.2,133.7,44.5,192.6,49.7\n\tc23.6,2.1,48.7,3.5,103.4-2.5c54.7-6,106.2-25.6,106.2-25.6V0H0v30.3c0,0,72,32.6,158.4,30.5c39.2-0.7,92.8-6.7,134-22.4\n\tc21.2-8.1,52.2-18.2,79.7-24.2C399.3,7.9,411.6,7.5,421.9,6.5z\"\/>\n<\/svg>\t\t<\/div>\n\t\t\t\t<div class=\"elementor-element elementor-element-959c5e0 elementor-widget elementor-widget-text-editor\" data-id=\"959c5e0\" data-element_type=\"widget\" data-e-type=\"widget\" data-widget_type=\"text-editor.default\">\n\t\t\t\t\t\t\t\t\t<p>Strategic partnership to ensure local presence and service<\/p>\t\t\t\t\t\t\t\t<\/div>\n\t\t\t\t<\/div>\n\t\t<div class=\"elementor-element elementor-element-1361aad e-con-full e-flex e-con e-parent\" data-id=\"1361aad\" data-element_type=\"container\" data-e-type=\"container\">\n\t\t<div class=\"elementor-element elementor-element-43816f7 e-con-full e-flex e-con e-child\" data-id=\"43816f7\" data-element_type=\"container\" data-e-type=\"container\">\n\t\t\t\t<div class=\"elementor-element elementor-element-14930f0 elementor-widget elementor-widget-shortcode\" data-id=\"14930f0\" data-element_type=\"widget\" data-e-type=\"widget\" data-widget_type=\"shortcode.default\">\n\t\t\t\t\t\t\t<div class=\"elementor-shortcode\">\t<div class='sim-main-content ' role='main' id='mainContent'>\n\t\t\t\t\t\t<div id='super-inter-active-map-block'>\n\t\t\t\t\t\t\t<div class='sim_maps_blcok' >\n                                 <div id='sim_interactive_map2' class='sim_map_area'><\/div>\n\t\t\t\t\t\t\t<\/div>\n\t\t\t\t\t\t<\/div>\n\t\t\t\t\t<\/div><style>#sim_interactive_map2 path:hover { fill: #ffb81c !important;}<\/style><style>#super-inter-active-map-block path{ stroke-width: 1px}#super-inter-active-map-block path:hover {\n\t\t\tstroke-width: 1px !important;\n\t\t}<\/style><\/div>\n\t\t\t\t\t\t<\/div>\n\t\t\t\t<\/div>\n\t\t<div class=\"elementor-element elementor-element-1296c7d e-con-full e-flex e-con e-child\" data-id=\"1296c7d\" data-element_type=\"container\" data-e-type=\"container\" data-settings=\"{&quot;background_background&quot;:&quot;classic&quot;}\">\n\t\t<div class=\"elementor-element elementor-element-a03c487 e-con-full e-flex e-con e-child\" data-id=\"a03c487\" data-element_type=\"container\" data-e-type=\"container\" data-settings=\"{&quot;background_background&quot;:&quot;classic&quot;}\">\n\t\t\t\t<div class=\"elementor-element elementor-element-c430ff9 elementor-widget elementor-widget-text-editor\" data-id=\"c430ff9\" data-element_type=\"widget\" data-e-type=\"widget\" data-widget_type=\"text-editor.default\">\n\t\t\t\t\t\t\t\t\t<p>FACTORY AND HEADQUARTERS<\/p>\t\t\t\t\t\t\t\t<\/div>\n\t\t\t\t<div class=\"elementor-element elementor-element-d688fe9 elementor-widget elementor-widget-text-editor\" data-id=\"d688fe9\" data-element_type=\"widget\" data-e-type=\"widget\" data-widget_type=\"text-editor.default\">\n\t\t\t\t\t\t\t\t\t<p>P.E. Tanos \u2013 Vi\u00e9rnoles<br>Calle La Espina, 44<br>39300 \u2013 Torrelavega (Cantabria) Espa\u00f1a<\/p><p><strong>Email:<\/strong> <a href=\"mailto:ventasfj@fjove.com\">ventasfj@fjove.com<\/a><br><strong>Tel:<\/strong> <a href=\"tel:+%2034%20942%2089%2027%2029\">+ 34 942 89 27 39<\/a><\/p>\t\t\t\t\t\t\t\t<\/div>\n\t\t\t\t<\/div>\n\t\t<div class=\"elementor-element elementor-element-404e3a7 e-con-full e-flex e-con e-child\" data-id=\"404e3a7\" data-element_type=\"container\" data-e-type=\"container\" data-settings=\"{&quot;background_background&quot;:&quot;classic&quot;}\">\n\t\t\t\t<div class=\"elementor-element elementor-element-cf70790 elementor-widget elementor-widget-text-editor\" data-id=\"cf70790\" data-element_type=\"widget\" data-e-type=\"widget\" data-widget_type=\"text-editor.default\">\n\t\t\t\t\t\t\t\t\t<p>Ferrol Office<\/p>\t\t\t\t\t\t\t\t<\/div>\n\t\t\t\t<div class=\"elementor-element elementor-element-5829b10 elementor-widget elementor-widget-text-editor\" data-id=\"5829b10\" data-element_type=\"widget\" data-e-type=\"widget\" data-widget_type=\"text-editor.default\">\n\t\t\t\t\t\t\t\t\t<p>Pol\u00edgono Industrial R\u00edo Do Pozo<br>R\u00faa Arrieiros, Parcela 19<br>15578 \u2013 Nar\u00f3n (A coru\u00f1a \u2013 Galicia) Espa\u00f1a<\/p><p><strong>Email:<\/strong> <a href=\"mailto:ventasfj@fjove.com\">ventasfj@fjove.com<\/a><br><strong>Tel:<\/strong> <a href=\"tel:+%2034%20981%2035%2011%2022\">+ 34 981 35 11 22<\/a><\/p>\t\t\t\t\t\t\t\t<\/div>\n\t\t\t\t<\/div>\n\t\t<div class=\"elementor-element elementor-element-11dd339 e-con-full e-flex e-con e-child\" data-id=\"11dd339\" data-element_type=\"container\" data-e-type=\"container\" data-settings=\"{&quot;background_background&quot;:&quot;classic&quot;}\">\n\t\t\t\t<div class=\"elementor-element elementor-element-cb36e33 elementor-widget elementor-widget-text-editor\" data-id=\"cb36e33\" data-element_type=\"widget\" data-e-type=\"widget\" data-widget_type=\"text-editor.default\">\n\t\t\t\t\t\t\t\t\t<p>C\u00c1DIZ OFFICE<\/p>\t\t\t\t\t\t\t\t<\/div>\n\t\t\t\t<div class=\"elementor-element elementor-element-9e0cde0 elementor-widget elementor-widget-text-editor\" data-id=\"9e0cde0\" data-element_type=\"widget\" data-e-type=\"widget\" data-widget_type=\"text-editor.default\">\n\t\t\t\t\t\t\t\t\t<p>Pol\u00edgono Industrial Fadricas<br>C\/ Ferrocarril, 30-31<br>11100 \u2013 San Fernando (C\u00e1diz \u2013 Andaluc\u00eda) Espa\u00f1a<\/p><p><strong>Email:<\/strong> <a href=\"mailto:ventasfj@fjove.com\">ventasfj@fjove.com<\/a><br><strong>Tel:<\/strong> <a href=\"tel:+%2034%20956%2089%2026%2090\">+ 34 956 89 26 90<\/a><\/p>\t\t\t\t\t\t\t\t<\/div>\n\t\t\t\t<\/div>\n\t\t<div class=\"elementor-element elementor-element-e5cdb69 e-con-full e-flex e-con e-child\" data-id=\"e5cdb69\" data-element_type=\"container\" data-e-type=\"container\" data-settings=\"{&quot;background_background&quot;:&quot;classic&quot;}\">\n\t\t\t\t<div class=\"elementor-element elementor-element-6ac0d52 elementor-widget elementor-widget-text-editor\" data-id=\"6ac0d52\" data-element_type=\"widget\" data-e-type=\"widget\" data-widget_type=\"text-editor.default\">\n\t\t\t\t\t\t\t\t\t<p>MADRID OFFICE<\/p>\t\t\t\t\t\t\t\t<\/div>\n\t\t\t\t<div class=\"elementor-element elementor-element-67e525c elementor-widget elementor-widget-text-editor\" data-id=\"67e525c\" data-element_type=\"widget\" data-e-type=\"widget\" data-widget_type=\"text-editor.default\">\n\t\t\t\t\t\t\t\t\t<p>Carretera Madrid-Toledo, Km. 8<br>28916 \u2013 Legan\u00e9s, Madrid, Espa\u00f1a<\/p><p><strong>Email:<\/strong> <a href=\"mailto:ventasfj@fjove.com\">ventasfj@fjove.com<\/a><br><strong>Tel:<\/strong> <a href=\"tel:+%2034%20942%2089%2027%2029\">+ 34 942 89 27 39<\/a><\/p>\t\t\t\t\t\t\t\t<\/div>\n\t\t\t\t<\/div>\n\t\t\t\t<\/div>\n\t\t\t\t<\/div>\n\t\t\t\t<\/div>\n\t\t","protected":false},"excerpt":{"rendered":"<p>FJ Worldwide Global presence with specialist technical support Strategic partnership to ensure local presence and service FACTORY AND HEADQUARTERS P.E. Tanos \u2013 Vi\u00e9rnolesCalle La Espina, 4439300 \u2013 Torrelavega (Cantabria) Espa\u00f1a Email: ventasfj@fjove.comTel: + 34 942 89 27 39 Ferrol Office Pol\u00edgono Industrial R\u00edo Do PozoR\u00faa Arrieiros, Parcela 1915578 \u2013 Nar\u00f3n (A coru\u00f1a \u2013 Galicia) Espa\u00f1a [&hellip;]<\/p>\n","protected":false},"author":1,"featured_media":0,"parent":15936,"menu_order":0,"comment_status":"closed","ping_status":"closed","template":"elementor_header_footer","meta":{"footnotes":""},"class_list":["post-15770","page","type-page","status-publish","hentry"],"yoast_head":"<!-- This site is optimized with the Yoast SEO Premium plugin v27.2 (Yoast SEO v27.2) - https:\/\/yoast.com\/product\/yoast-seo-premium-wordpress\/ -->\n<title>Where we are - FJ | Flow Control Solutions<\/title>\n<meta name=\"robots\" content=\"index, follow, max-snippet:-1, max-image-preview:large, max-video-preview:-1\" \/>\n<link rel=\"canonical\" href=\"https:\/\/fjove.com\/nosotros\/donde-estamos\/\" \/>\n<meta property=\"og:locale\" content=\"en_US\" \/>\n<meta property=\"og:type\" content=\"article\" \/>\n<meta property=\"og:title\" content=\"Where we are\" \/>\n<meta property=\"og:description\" content=\"FJ Worldwide Global presence with specialist technical support Strategic partnership to ensure local presence and service FACTORY AND HEADQUARTERS P.E. Tanos \u2013 Vi\u00e9rnolesCalle La Espina, 4439300 \u2013 Torrelavega (Cantabria) Espa\u00f1a Email: ventasfj@fjove.comTel: + 34 942 89 27 39 Ferrol Office Pol\u00edgono Industrial R\u00edo Do PozoR\u00faa Arrieiros, Parcela 1915578 \u2013 Nar\u00f3n (A coru\u00f1a \u2013 Galicia) Espa\u00f1a [&hellip;]\" \/>\n<meta property=\"og:url\" content=\"https:\/\/fjove.com\/nosotros\/donde-estamos\/\" \/>\n<meta property=\"og:site_name\" content=\"FJ | Flow Control Solutions\" \/>\n<meta property=\"article:modified_time\" content=\"2026-04-07T09:58:25+00:00\" \/>\n<meta name=\"twitter:card\" content=\"summary_large_image\" \/>\n<meta name=\"twitter:label1\" content=\"Est. reading time\" \/>\n\t<meta name=\"twitter:data1\" content=\"1 minute\" \/>\n<script type=\"application\/ld+json\" class=\"yoast-schema-graph\">{\"@context\":\"https:\/\/schema.org\",\"@graph\":[{\"@type\":\"WebPage\",\"@id\":\"https:\/\/fjove.com\/nosotros\/donde-estamos\/\",\"url\":\"https:\/\/fjove.com\/nosotros\/donde-estamos\/\",\"name\":\"Where we are - FJ | Flow Control Solutions\",\"isPartOf\":{\"@id\":\"https:\/\/fjove.com\/#website\"},\"datePublished\":\"2023-07-24T11:01:28+00:00\",\"dateModified\":\"2026-04-07T09:58:25+00:00\",\"breadcrumb\":{\"@id\":\"https:\/\/fjove.com\/nosotros\/donde-estamos\/#breadcrumb\"},\"inLanguage\":\"en-US\",\"potentialAction\":[{\"@type\":\"ReadAction\",\"target\":[\"https:\/\/fjove.com\/nosotros\/donde-estamos\/\"]}]},{\"@type\":\"BreadcrumbList\",\"@id\":\"https:\/\/fjove.com\/nosotros\/donde-estamos\/#breadcrumb\",\"itemListElement\":[{\"@type\":\"ListItem\",\"position\":1,\"name\":\"Inicio\",\"item\":\"https:\/\/fjove.com\/en\/\"},{\"@type\":\"ListItem\",\"position\":2,\"name\":\"About Us\",\"item\":\"https:\/\/fjove.com\/en\/about-us\/\"},{\"@type\":\"ListItem\",\"position\":3,\"name\":\"Where we are\"}]},{\"@type\":\"WebSite\",\"@id\":\"https:\/\/fjove.com\/#website\",\"url\":\"https:\/\/fjove.com\/\",\"name\":\"FJ | Flow Control Solutions\",\"description\":\"Engineering, remote valve control systems and valve manufacture\",\"publisher\":{\"@id\":\"https:\/\/fjove.com\/#organization\"},\"potentialAction\":[{\"@type\":\"SearchAction\",\"target\":{\"@type\":\"EntryPoint\",\"urlTemplate\":\"https:\/\/fjove.com\/?s={search_term_string}\"},\"query-input\":{\"@type\":\"PropertyValueSpecification\",\"valueRequired\":true,\"valueName\":\"search_term_string\"}}],\"inLanguage\":\"en-US\"},{\"@type\":\"Organization\",\"@id\":\"https:\/\/fjove.com\/#organization\",\"name\":\"FJ | Flow Control Solutions\",\"url\":\"https:\/\/fjove.com\/\",\"logo\":{\"@type\":\"ImageObject\",\"inLanguage\":\"en-US\",\"@id\":\"https:\/\/fjove.com\/#\/schema\/logo\/image\/\",\"url\":\"https:\/\/fjove.com\/wp-content\/uploads\/2026\/02\/fj-flow-control-solutions.gif\",\"contentUrl\":\"https:\/\/fjove.com\/wp-content\/uploads\/2026\/02\/fj-flow-control-solutions.gif\",\"width\":122,\"height\":48,\"caption\":\"FJ | Flow Control Solutions\"},\"image\":{\"@id\":\"https:\/\/fjove.com\/#\/schema\/logo\/image\/\"},\"sameAs\":[\"https:\/\/es.linkedin.com\/company\/fernndez-jove-comercial-e-ingeniera\"]}]}<\/script>\n<!-- \/ Yoast SEO Premium plugin. -->","yoast_head_json":{"title":"Where we are - FJ | Flow Control Solutions","robots":{"index":"index","follow":"follow","max-snippet":"max-snippet:-1","max-image-preview":"max-image-preview:large","max-video-preview":"max-video-preview:-1"},"canonical":"https:\/\/fjove.com\/nosotros\/donde-estamos\/","og_locale":"en_US","og_type":"article","og_title":"Where we are","og_description":"FJ Worldwide Global presence with specialist technical support Strategic partnership to ensure local presence and service FACTORY AND HEADQUARTERS P.E. Tanos \u2013 Vi\u00e9rnolesCalle La Espina, 4439300 \u2013 Torrelavega (Cantabria) Espa\u00f1a Email: ventasfj@fjove.comTel: + 34 942 89 27 39 Ferrol Office Pol\u00edgono Industrial R\u00edo Do PozoR\u00faa Arrieiros, Parcela 1915578 \u2013 Nar\u00f3n (A coru\u00f1a \u2013 Galicia) Espa\u00f1a [&hellip;]","og_url":"https:\/\/fjove.com\/nosotros\/donde-estamos\/","og_site_name":"FJ | Flow Control Solutions","article_modified_time":"2026-04-07T09:58:25+00:00","twitter_card":"summary_large_image","twitter_misc":{"Est. reading time":"1 minute"},"schema":{"@context":"https:\/\/schema.org","@graph":[{"@type":"WebPage","@id":"https:\/\/fjove.com\/nosotros\/donde-estamos\/","url":"https:\/\/fjove.com\/nosotros\/donde-estamos\/","name":"Where we are - FJ | Flow Control Solutions","isPartOf":{"@id":"https:\/\/fjove.com\/#website"},"datePublished":"2023-07-24T11:01:28+00:00","dateModified":"2026-04-07T09:58:25+00:00","breadcrumb":{"@id":"https:\/\/fjove.com\/nosotros\/donde-estamos\/#breadcrumb"},"inLanguage":"en-US","potentialAction":[{"@type":"ReadAction","target":["https:\/\/fjove.com\/nosotros\/donde-estamos\/"]}]},{"@type":"BreadcrumbList","@id":"https:\/\/fjove.com\/nosotros\/donde-estamos\/#breadcrumb","itemListElement":[{"@type":"ListItem","position":1,"name":"Inicio","item":"https:\/\/fjove.com\/en\/"},{"@type":"ListItem","position":2,"name":"About Us","item":"https:\/\/fjove.com\/en\/about-us\/"},{"@type":"ListItem","position":3,"name":"Where we are"}]},{"@type":"WebSite","@id":"https:\/\/fjove.com\/#website","url":"https:\/\/fjove.com\/","name":"FJ | Flow Control Solutions","description":"Engineering, remote valve control systems and valve manufacture","publisher":{"@id":"https:\/\/fjove.com\/#organization"},"potentialAction":[{"@type":"SearchAction","target":{"@type":"EntryPoint","urlTemplate":"https:\/\/fjove.com\/?s={search_term_string}"},"query-input":{"@type":"PropertyValueSpecification","valueRequired":true,"valueName":"search_term_string"}}],"inLanguage":"en-US"},{"@type":"Organization","@id":"https:\/\/fjove.com\/#organization","name":"FJ | Flow Control Solutions","url":"https:\/\/fjove.com\/","logo":{"@type":"ImageObject","inLanguage":"en-US","@id":"https:\/\/fjove.com\/#\/schema\/logo\/image\/","url":"https:\/\/fjove.com\/wp-content\/uploads\/2026\/02\/fj-flow-control-solutions.gif","contentUrl":"https:\/\/fjove.com\/wp-content\/uploads\/2026\/02\/fj-flow-control-solutions.gif","width":122,"height":48,"caption":"FJ | Flow Control Solutions"},"image":{"@id":"https:\/\/fjove.com\/#\/schema\/logo\/image\/"},"sameAs":["https:\/\/es.linkedin.com\/company\/fernndez-jove-comercial-e-ingeniera"]}]}},"_links":{"self":[{"href":"https:\/\/fjove.com\/en\/wp-json\/wp\/v2\/pages\/15770","targetHints":{"allow":["GET"]}}],"collection":[{"href":"https:\/\/fjove.com\/en\/wp-json\/wp\/v2\/pages"}],"about":[{"href":"https:\/\/fjove.com\/en\/wp-json\/wp\/v2\/types\/page"}],"author":[{"embeddable":true,"href":"https:\/\/fjove.com\/en\/wp-json\/wp\/v2\/users\/1"}],"replies":[{"embeddable":true,"href":"https:\/\/fjove.com\/en\/wp-json\/wp\/v2\/comments?post=15770"}],"version-history":[{"count":11,"href":"https:\/\/fjove.com\/en\/wp-json\/wp\/v2\/pages\/15770\/revisions"}],"predecessor-version":[{"id":16439,"href":"https:\/\/fjove.com\/en\/wp-json\/wp\/v2\/pages\/15770\/revisions\/16439"}],"up":[{"embeddable":true,"href":"https:\/\/fjove.com\/en\/wp-json\/wp\/v2\/pages\/15936"}],"wp:attachment":[{"href":"https:\/\/fjove.com\/en\/wp-json\/wp\/v2\/media?parent=15770"}],"curies":[{"name":"wp","href":"https:\/\/api.w.org\/{rel}","templated":true}]}}